{"id":901,"date":"2021-06-01T17:55:10","date_gmt":"2021-06-01T20:55:10","guid":{"rendered":"http:\/\/osternesrodrigues.com.br\/site\/?page_id=901"},"modified":"2022-04-11T14:28:44","modified_gmt":"2022-04-11T17:28:44","slug":"direito-imobiliario","status":"publish","type":"page","link":"https:\/\/osternesrodrigues.com.br\/site\/direito-imobiliario\/","title":{"rendered":"Direito Imobiliario"},"content":{"rendered":"\t\t<div data-elementor-type=\"wp-page\" data-elementor-id=\"901\" class=\"elementor elementor-901\" data-elementor-settings=\"[]\">\n\t\t\t\t\t\t\t<div class=\"elementor-section-wrap\">\n\t\t\t\t\t\t\t<section class=\"elementor-section elementor-top-section elementor-element elementor-element-375c937e elementor-section-boxed elementor-section-height-default elementor-section-height-default\" data-id=\"375c937e\" data-element_type=\"section\" data-settings=\"{&quot;background_background&quot;:&quot;classic&quot;,&quot;shape_divider_bottom&quot;:&quot;tilt&quot;}\">\n\t\t\t\t\t\t\t<div class=\"elementor-background-overlay\"><\/div>\n\t\t\t\t\t\t<div class=\"elementor-shape elementor-shape-bottom\" data-negative=\"false\">\n\t\t\t<svg xmlns=\"http:\/\/www.w3.org\/2000\/svg\" viewBox=\"0 0 1000 100\" preserveAspectRatio=\"none\">\n\t<path class=\"elementor-shape-fill\" d=\"M0,6V0h1000v100L0,6z\"\/>\n<\/svg>\t\t<\/div>\n\t\t\t\t\t<div class=\"elementor-container elementor-column-gap-default\">\n\t\t\t\t\t<div class=\"elementor-column elementor-col-50 elementor-top-column elementor-element elementor-element-55a75430\" data-id=\"55a75430\" data-element_type=\"column\">\n\t\t\t<div class=\"elementor-widget-wrap elementor-element-populated\">\n\t\t\t\t\t\t\t\t<div class=\"elementor-element elementor-element-62b508b2 elementor-widget elementor-widget-heading\" data-id=\"62b508b2\" data-element_type=\"widget\" data-widget_type=\"heading.default\">\n\t\t\t\t<div class=\"elementor-widget-container\">\n\t\t\t<h1 class=\"elementor-heading-title elementor-size-default\">DIREITO IMOBILI\u00c1RIO<\/h1>\t\t<\/div>\n\t\t\t\t<\/div>\n\t\t\t\t\t<\/div>\n\t\t<\/div>\n\t\t\t\t<div class=\"elementor-column elementor-col-50 elementor-top-column elementor-element elementor-element-1b5a16b2\" data-id=\"1b5a16b2\" data-element_type=\"column\">\n\t\t\t<div class=\"elementor-widget-wrap\">\n\t\t\t\t\t\t\t\t\t<\/div>\n\t\t<\/div>\n\t\t\t\t\t\t\t<\/div>\n\t\t<\/section>\n\t\t\t\t<section class=\"elementor-section elementor-top-section elementor-element elementor-element-59b186e1 elementor-section-boxed elementor-section-height-default elementor-section-height-default\" data-id=\"59b186e1\" data-element_type=\"section\">\n\t\t\t\t\t\t<div class=\"elementor-container elementor-column-gap-default\">\n\t\t\t\t\t<div class=\"elementor-column elementor-col-66 elementor-top-column elementor-element elementor-element-249fc566\" data-id=\"249fc566\" data-element_type=\"column\">\n\t\t\t<div class=\"elementor-widget-wrap elementor-element-populated\">\n\t\t\t\t\t\t\t\t<div class=\"elementor-element elementor-element-73fdcb82 elementor-widget elementor-widget-heading\" data-id=\"73fdcb82\" data-element_type=\"widget\" data-widget_type=\"heading.default\">\n\t\t\t\t<div class=\"elementor-widget-container\">\n\t\t\t<h2 class=\"elementor-heading-title elementor-size-default\">A Osternes Rodrigues Assessoria Jur\u00eddica esta pronta para ajudar voc\u00ea.<\/h2>\t\t<\/div>\n\t\t\t\t<\/div>\n\t\t\t\t<div class=\"elementor-element elementor-element-11e94df6 elementor-widget elementor-widget-image\" data-id=\"11e94df6\" data-element_type=\"widget\" data-widget_type=\"image.default\">\n\t\t\t\t<div class=\"elementor-widget-container\">\n\t\t\t\t\t\t\t\t\t\t\t\t\t\t\t<img width=\"747\" height=\"387\" src=\"https:\/\/osternesrodrigues.com.br\/site\/wp-content\/uploads\/2021\/06\/srvicesing.jpg\" class=\"attachment-full size-full\" alt=\"\" loading=\"lazy\" srcset=\"https:\/\/osternesrodrigues.com.br\/site\/wp-content\/uploads\/2021\/06\/srvicesing.jpg 747w, https:\/\/osternesrodrigues.com.br\/site\/wp-content\/uploads\/2021\/06\/srvicesing-300x155.jpg 300w\" sizes=\"(max-width: 747px) 100vw, 747px\" \/>\t\t\t\t\t\t\t\t\t\t\t\t\t\t\t<\/div>\n\t\t\t\t<\/div>\n\t\t\t\t<div class=\"elementor-element elementor-element-1d1c80e9 elementor-widget elementor-widget-text-editor\" data-id=\"1d1c80e9\" data-element_type=\"widget\" data-widget_type=\"text-editor.default\">\n\t\t\t\t<div class=\"elementor-widget-container\">\n\t\t\t\t\t\t\t\t<p>Nosso Escrit\u00f3rio tem especial capacita\u00e7\u00e3o nas \u00e1reas do direito imobili\u00e1rio, atuando de forma preventiva e consultiva junto aos nossos clientes, oferecendo agilidade e seguran\u00e7a jur\u00eddica em todas as transa\u00e7\u00f5es imobili\u00e1rias.<br \/>O Direito Imobili\u00e1rio \u00e9 um ramo de Direito Privado que regula as rela\u00e7\u00f5es de direito decorrentes da propriedade de bens im\u00f3veis. <br \/>Entre essas rela\u00e7\u00f5es podemos citar: <strong>compra e venda de im\u00f3veis,\u00a0 registro de im\u00f3veis, usucapi\u00e3o, troca, posse, cess\u00e3o de direitos, etc.<\/strong><\/p>\t\t\t\t\t\t<\/div>\n\t\t\t\t<\/div>\n\t\t\t\t<div class=\"elementor-element elementor-element-4daaec94 elementor-widget elementor-widget-spacer\" data-id=\"4daaec94\" data-element_type=\"widget\" data-widget_type=\"spacer.default\">\n\t\t\t\t<div class=\"elementor-widget-container\">\n\t\t\t\t\t<div class=\"elementor-spacer\">\n\t\t\t<div class=\"elementor-spacer-inner\"><\/div>\n\t\t<\/div>\n\t\t\t\t<\/div>\n\t\t\t\t<\/div>\n\t\t\t\t\t<\/div>\n\t\t<\/div>\n\t\t\t\t<div class=\"elementor-column elementor-col-33 elementor-top-column elementor-element elementor-element-f708936\" data-id=\"f708936\" data-element_type=\"column\">\n\t\t\t<div class=\"elementor-widget-wrap elementor-element-populated\">\n\t\t\t\t\t\t\t\t<div class=\"elementor-element elementor-element-3b49d732 elementor-widget elementor-widget-heading\" data-id=\"3b49d732\" data-element_type=\"widget\" data-widget_type=\"heading.default\">\n\t\t\t\t<div class=\"elementor-widget-container\">\n\t\t\t<h3 class=\"elementor-heading-title elementor-size-default\">Outras \u00c1reas de Atua\u00e7\u00e3o<\/h3>\t\t<\/div>\n\t\t\t\t<\/div>\n\t\t\t\t<div class=\"elementor-element elementor-element-a45ae47 elementor-widget elementor-widget-button\" data-id=\"a45ae47\" data-element_type=\"widget\" data-widget_type=\"button.default\">\n\t\t\t\t<div class=\"elementor-widget-container\">\n\t\t\t\t\t<div class=\"elementor-button-wrapper\">\n\t\t\t<a href=\"https:\/\/osternesrodrigues.com.br\/site\/direito-civil\/\" class=\"elementor-button-link elementor-button elementor-size-sm\" role=\"button\">\n\t\t\t\t\t\t<span class=\"elementor-button-content-wrapper\">\n\t\t\t\t\t\t<span class=\"elementor-button-icon elementor-align-icon-left\">\n\t\t\t\t<i aria-hidden=\"true\" class=\"fas fa-angle-right\"><\/i>\t\t\t<\/span>\n\t\t\t\t\t\t<span class=\"elementor-button-text\">Direito Civil<\/span>\n\t\t<\/span>\n\t\t\t\t\t<\/a>\n\t\t<\/div>\n\t\t\t\t<\/div>\n\t\t\t\t<\/div>\n\t\t\t\t<div class=\"elementor-element elementor-element-6bbb1589 elementor-widget elementor-widget-button\" data-id=\"6bbb1589\" data-element_type=\"widget\" data-widget_type=\"button.default\">\n\t\t\t\t<div class=\"elementor-widget-container\">\n\t\t\t\t\t<div class=\"elementor-button-wrapper\">\n\t\t\t<a href=\"https:\/\/osternesrodrigues.com.br\/site\/direito-consumidor\/\" class=\"elementor-button-link elementor-button elementor-size-sm\" role=\"button\">\n\t\t\t\t\t\t<span class=\"elementor-button-content-wrapper\">\n\t\t\t\t\t\t<span class=\"elementor-button-icon elementor-align-icon-left\">\n\t\t\t\t<i aria-hidden=\"true\" class=\"fas fa-angle-right\"><\/i>\t\t\t<\/span>\n\t\t\t\t\t\t<span class=\"elementor-button-text\">Direito Consumidor<\/span>\n\t\t<\/span>\n\t\t\t\t\t<\/a>\n\t\t<\/div>\n\t\t\t\t<\/div>\n\t\t\t\t<\/div>\n\t\t\t\t<div class=\"elementor-element elementor-element-4c13ee9a elementor-widget elementor-widget-button\" data-id=\"4c13ee9a\" data-element_type=\"widget\" data-widget_type=\"button.default\">\n\t\t\t\t<div class=\"elementor-widget-container\">\n\t\t\t\t\t<div class=\"elementor-button-wrapper\">\n\t\t\t<a href=\"https:\/\/osternesrodrigues.com.br\/site\/familia-sucessoes\/\" class=\"elementor-button-link elementor-button elementor-size-sm\" role=\"button\">\n\t\t\t\t\t\t<span class=\"elementor-button-content-wrapper\">\n\t\t\t\t\t\t<span class=\"elementor-button-icon elementor-align-icon-left\">\n\t\t\t\t<i aria-hidden=\"true\" class=\"fas fa-angle-right\"><\/i>\t\t\t<\/span>\n\t\t\t\t\t\t<span class=\"elementor-button-text\">Fam\u00edlia e Sucess\u00f5es<\/span>\n\t\t<\/span>\n\t\t\t\t\t<\/a>\n\t\t<\/div>\n\t\t\t\t<\/div>\n\t\t\t\t<\/div>\n\t\t\t\t<div class=\"elementor-element elementor-element-5ca4a950 elementor-widget elementor-widget-spacer\" data-id=\"5ca4a950\" data-element_type=\"widget\" data-widget_type=\"spacer.default\">\n\t\t\t\t<div class=\"elementor-widget-container\">\n\t\t\t\t\t<div class=\"elementor-spacer\">\n\t\t\t<div class=\"elementor-spacer-inner\"><\/div>\n\t\t<\/div>\n\t\t\t\t<\/div>\n\t\t\t\t<\/div>\n\t\t\t\t<div class=\"elementor-element elementor-element-7b534d38 elementor-widget elementor-widget-heading\" data-id=\"7b534d38\" data-element_type=\"widget\" data-widget_type=\"heading.default\">\n\t\t\t\t<div class=\"elementor-widget-container\">\n\t\t\t<h3 class=\"elementor-heading-title elementor-size-default\"><a href=\"https:\/\/osternesrodrigues.com.br\/site\">Voltar p\u00e1gina Inicial<\/a><\/h3>\t\t<\/div>\n\t\t\t\t<\/div>\n\t\t\t\t\t<\/div>\n\t\t<\/div>\n\t\t\t\t\t\t\t<\/div>\n\t\t<\/section>\n\t\t\t\t<section class=\"elementor-section elementor-top-section elementor-element elementor-element-bdfcbf6 elementor-section-boxed elementor-section-height-default elementor-section-height-default\" data-id=\"bdfcbf6\" data-element_type=\"section\">\n\t\t\t\t\t\t<div class=\"elementor-container elementor-column-gap-default\">\n\t\t\t\t\t<div class=\"elementor-column elementor-col-100 elementor-top-column elementor-element elementor-element-938be70\" data-id=\"938be70\" data-element_type=\"column\">\n\t\t\t<div class=\"elementor-widget-wrap elementor-element-populated\">\n\t\t\t\t\t\t\t\t<div class=\"elementor-element elementor-element-dc52cde elementor-widget elementor-widget-html\" data-id=\"dc52cde\" data-element_type=\"widget\" data-widget_type=\"html.default\">\n\t\t\t\t<div class=\"elementor-widget-container\">\n\t\t\t<!-- Meta Pixel Code -->\r\n<script>\r\n  !function(f,b,e,v,n,t,s)\r\n  {if(f.fbq)return;n=f.fbq=function(){n.callMethod?\r\n  n.callMethod.apply(n,arguments):n.queue.push(arguments)};\r\n  if(!f._fbq)f._fbq=n;n.push=n;n.loaded=!0;n.version='2.0';\r\n  n.queue=[];t=b.createElement(e);t.async=!0;\r\n  t.src=v;s=b.getElementsByTagName(e)[0];\r\n  s.parentNode.insertBefore(t,s)}(window, document,'script',\r\n  'https:\/\/connect.facebook.net\/en_US\/fbevents.js');\r\n  fbq('init', '1812316335630623');\r\n  fbq('track', 'PageView');\r\n  fbq('track', 'PaginaDireitoImobiliario');\r\n<\/script>\r\n<noscript><img loading=\"lazy\" height=\"1\" width=\"1\" style=\"display:none\"\r\n  src=\"https:\/\/www.facebook.com\/tr?id=1812316335630623&ev=PageView&noscript=1\"\r\n\/><\/noscript>\r\n<!-- End Meta Pixel Code -->\t\t<\/div>\n\t\t\t\t<\/div>\n\t\t\t\t\t<\/div>\n\t\t<\/div>\n\t\t\t\t\t\t\t<\/div>\n\t\t<\/section>\n\t\t\t\t\t\t<\/div>\n\t\t\t\t\t<\/div>\n\t\t","protected":false},"excerpt":{"rendered":"<p>DIREITO IMOBILI\u00c1RIO A Osternes Rodrigues Assessoria Jur\u00eddica esta pronta para ajudar voc\u00ea. Nosso Escrit\u00f3rio tem especial capacita\u00e7\u00e3o nas \u00e1reas do direito imobili\u00e1rio, atuando de forma preventiva e consultiva junto aos nossos clientes, oferecendo agilidade e seguran\u00e7a jur\u00eddica em todas as transa\u00e7\u00f5es imobili\u00e1rias.O Direito Imobili\u00e1rio \u00e9 um ramo de Direito Privado que regula as rela\u00e7\u00f5es de &hellip;<\/p>\n<p class=\"read-more\"> <a class=\"\" href=\"https:\/\/osternesrodrigues.com.br\/site\/direito-imobiliario\/\"> <span class=\"screen-reader-text\">Direito Imobiliario<\/span> Leia mais &raquo;<\/a><\/p>\n","protected":false},"author":1,"featured_media":0,"parent":0,"menu_order":0,"comment_status":"closed","ping_status":"closed","template":"elementor_canvas","meta":{"om_disable_all_campaigns":false},"_links":{"self":[{"href":"https:\/\/osternesrodrigues.com.br\/site\/wp-json\/wp\/v2\/pages\/901"}],"collection":[{"href":"https:\/\/osternesrodrigues.com.br\/site\/wp-json\/wp\/v2\/pages"}],"about":[{"href":"https:\/\/osternesrodrigues.com.br\/site\/wp-json\/wp\/v2\/types\/page"}],"author":[{"embeddable":true,"href":"https:\/\/osternesrodrigues.com.br\/site\/wp-json\/wp\/v2\/users\/1"}],"replies":[{"embeddable":true,"href":"https:\/\/osternesrodrigues.com.br\/site\/wp-json\/wp\/v2\/comments?post=901"}],"version-history":[{"count":43,"href":"https:\/\/osternesrodrigues.com.br\/site\/wp-json\/wp\/v2\/pages\/901\/revisions"}],"predecessor-version":[{"id":1274,"href":"https:\/\/osternesrodrigues.com.br\/site\/wp-json\/wp\/v2\/pages\/901\/revisions\/1274"}],"wp:attachment":[{"href":"https:\/\/osternesrodrigues.com.br\/site\/wp-json\/wp\/v2\/media?parent=901"}],"curies":[{"name":"wp","href":"https:\/\/api.w.org\/{rel}","templated":true}]}}